{"id":4885,"date":"2021-10-14T03:59:18","date_gmt":"2021-10-14T03:59:18","guid":{"rendered":"https:\/\/soytotalmentepalacio.com.mx\/belleza\/?page_id=4885"},"modified":"2021-11-13T21:42:01","modified_gmt":"2021-11-13T21:42:01","slug":"festival-de-belleza-el-regalo-perfecto","status":"publish","type":"page","link":"https:\/\/soytotalmentepalacio.com.mx\/belleza\/","title":{"rendered":"Festival de Belleza: El Regalo perfecto"},"content":{"rendered":"<p><img width=\"1024\" height=\"1024\" src=\"https:\/\/soytotalmentepalacio.com.mx\/belleza\/wp-content\/uploads\/2021\/10\/LogoRegaloPerfecto2.svg\" alt=\"\" srcset=\"https:\/\/soytotalmentepalacio.com.mx\/belleza\/wp-content\/uploads\/\/2021\/10\/LogoRegaloPerfecto2.svg 100w, https:\/\/soytotalmentepalacio.com.mx\/belleza\/wp-content\/uploads\/\/2021\/10\/LogoRegaloPerfecto2.svg 300w, https:\/\/soytotalmentepalacio.com.mx\/belleza\/wp-content\/uploads\/\/2021\/10\/LogoRegaloPerfecto2.svg 1024w\" sizes=\"(max-width: 1024px) 100vw, 1024px\" \/><br \/>\n\t\t\t\t\t\t\t\t\t\t\t\t\t\t\t<img width=\"2500\" height=\"1667\" src=\"https:\/\/soytotalmentepalacio.com.mx\/belleza\/wp-content\/uploads\/2021\/11\/Cover2.jpg\" alt=\"\" srcset=\"https:\/\/soytotalmentepalacio.com.mx\/belleza\/wp-content\/uploads\/2021\/11\/Cover2.jpg 2500w, https:\/\/soytotalmentepalacio.com.mx\/belleza\/wp-content\/uploads\/2021\/11\/Cover2-300x200.jpg 300w, https:\/\/soytotalmentepalacio.com.mx\/belleza\/wp-content\/uploads\/2021\/11\/Cover2-1024x683.jpg 1024w, https:\/\/soytotalmentepalacio.com.mx\/belleza\/wp-content\/uploads\/2021\/11\/Cover2-770x513.jpg 770w, https:\/\/soytotalmentepalacio.com.mx\/belleza\/wp-content\/uploads\/2021\/11\/Cover2-1536x1024.jpg 1536w, https:\/\/soytotalmentepalacio.com.mx\/belleza\/wp-content\/uploads\/2021\/11\/Cover2-2048x1366.jpg 2048w, https:\/\/soytotalmentepalacio.com.mx\/belleza\/wp-content\/uploads\/2021\/11\/Cover2-500x333.jpg 500w, https:\/\/soytotalmentepalacio.com.mx\/belleza\/wp-content\/uploads\/2021\/11\/Cover2-1155x770.jpg 1155w, https:\/\/soytotalmentepalacio.com.mx\/belleza\/wp-content\/uploads\/2021\/11\/Cover2-370x247.jpg 370w, https:\/\/soytotalmentepalacio.com.mx\/belleza\/wp-content\/uploads\/2021\/11\/Cover2-293x195.jpg 293w, https:\/\/soytotalmentepalacio.com.mx\/belleza\/wp-content\/uploads\/2021\/11\/Cover2-1400x934.jpg 1400w\" sizes=\"(max-width: 2500px) 100vw, 2500px\" \/><br \/>\n\t\t\t\t\t\t\t\t\t\t\t\t\t\t\t<img width=\"337\" height=\"105\" src=\"https:\/\/soytotalmentepalacio.com.mx\/belleza\/wp-content\/uploads\/2021\/10\/LogoRegaloPerfecto2.svg\" alt=\"\" \/>\t\t\t\t\t\t\t\t\t\t\t\t\t\t\t<\/p>\n<h1>\u00a1Regalos para ti, regalos para todos! <\/h1>\n<p>\t\t\t\t\t<a href=\"\/belleza\/index.php\/category\/perfumes\/mujer\/\"><br \/>\n\t\t\t\t\t\tPERFUMES MUJER<br \/>\n\t\t\t\t\t\t<\/a><br \/>\n\t\t\t\t\t<a href=\"\/belleza\/index.php\/category\/perfumes\/hombre\/\"><br \/>\n\t\t\t\t\t\tPERFUMES HOMBRE<br \/>\n\t\t\t\t\t\t<\/a><br \/>\n\t\t\t\t\t<a href=\"\/belleza\/index.php\/category\/maquillaje\/\"><br \/>\n\t\t\t\t\t\tMAQUILLAJE<br \/>\n\t\t\t\t\t\t<\/a><br \/>\n\t\t\t\t\t<a href=\"\/belleza\/index.php\/category\/cuidado-piel\/\"><br \/>\n\t\t\t\t\t\tTRATAMIENTOS<br \/>\n\t\t\t\t\t\t<\/a><br \/>\n\t\t\t\t\t<a href=\"\/belleza\/index.php\/category\/clean-green\/\"><br \/>\n\t\t\t\t\t\tORIGEN<br \/>\n\t\t\t\t\t\t<\/a><\/p>\n<h1>Festival de Belleza: El regalo perfecto<\/h1>\n<p style=\"text-align: center;\">Llega la mejor \u00e9poca del a\u00f1o, aqu\u00ed vas a encontrar el regalo perfecto que tanto buscabas y otras cosas que se convertir\u00e1n en tu pr\u00f3ximo objeto de deseo. Desde maquillaje para que est\u00e9s radiante, hasta los perfumes que har\u00e1n tus recuerdos inolvidables.<\/p>\n<p>https:\/\/youtu.be\/s-LNiOfbn3I\t\t<\/p>\n<h1>Encuentra el regalo perfecto aqu\u00ed<\/h1>\n<p>\t<!-- Slider main container --><br \/>\n\t\t<!-- Additional required wrapper --><br \/>\n\t\t\t<!-- Slides --><br \/>\n\t\t\t\t24 cosas que no sab\u00edas del nuevo perfume H24 de Herm\u00e8s<br \/>\n\t\t<a href=\"https:\/\/soytotalmentepalacio.com.mx\/belleza\/index.php\/2021\/11\/02\/hermes-lanzamiento-perfume-masculino\/\" aria-hidden=\"true\" ><\/a><br \/>\n\t\t\t\tAs\u00ed es el perfume del futuro<br \/>\n\t\t<a href=\"https:\/\/soytotalmentepalacio.com.mx\/belleza\/index.php\/2021\/10\/29\/paco-rabanne-phantom-el-perfume-del-futuro\/\" aria-hidden=\"true\" ><\/a><br \/>\n\t\t\t\tBelleza a la italiana<br \/>\n\t\t<a href=\"https:\/\/soytotalmentepalacio.com.mx\/belleza\/index.php\/2021\/10\/29\/dolcegabbana-productos-de-belleza\/\" aria-hidden=\"true\" ><\/a><br \/>\n\t\t\t\tTom Ford tiene el aroma al que debes oler en estas fiestas<br \/>\n\t\t<a href=\"https:\/\/soytotalmentepalacio.com.mx\/belleza\/index.php\/2021\/10\/29\/tom-ford-tiene-el-aroma-al-que-debes-oler-en-estas-fiestas\/\" aria-hidden=\"true\" ><\/a><br \/>\n\t\t\t\tCelebra \u00e9sta temporada al extremo<br \/>\n\t\t<a href=\"https:\/\/soytotalmentepalacio.com.mx\/belleza\/index.php\/2021\/10\/29\/issey-miyake-perfume-de-temporada\/\" aria-hidden=\"true\" ><\/a><br \/>\n\t\t\t\tUna revoluci\u00f3n de belleza (extra)ordinaria<br \/>\n\t\t<a href=\"https:\/\/soytotalmentepalacio.com.mx\/belleza\/index.php\/2021\/10\/29\/deciem-the_ordinary-piel\/\" aria-hidden=\"true\" ><\/a><br \/>\n\t\t\t\t\tPrevious<br \/>\n\t\t\t\t\tNext<\/p>\n<h1>El Palacio te regala<\/h1>\n<p>\t\t\t\t\t\t\t\t\t\t\t\t\t\t\t<img width=\"1024\" height=\"1024\" src=\"https:\/\/soytotalmentepalacio.com.mx\/belleza\/wp-content\/uploads\/2021\/10\/regalo2-1024x1024.jpg\" alt=\"Guasha\" srcset=\"https:\/\/soytotalmentepalacio.com.mx\/belleza\/wp-content\/uploads\/2021\/10\/regalo2-1024x1024.jpg 1024w, https:\/\/soytotalmentepalacio.com.mx\/belleza\/wp-content\/uploads\/2021\/10\/regalo2-300x300.jpg 300w, https:\/\/soytotalmentepalacio.com.mx\/belleza\/wp-content\/uploads\/2021\/10\/regalo2-100x100.jpg 100w, https:\/\/soytotalmentepalacio.com.mx\/belleza\/wp-content\/uploads\/2021\/10\/regalo2-770x770.jpg 770w, https:\/\/soytotalmentepalacio.com.mx\/belleza\/wp-content\/uploads\/2021\/10\/regalo2-500x500.jpg 500w, https:\/\/soytotalmentepalacio.com.mx\/belleza\/wp-content\/uploads\/2021\/10\/regalo2-293x293.jpg 293w, https:\/\/soytotalmentepalacio.com.mx\/belleza\/wp-content\/uploads\/2021\/10\/regalo2-390x390.jpg 390w, https:\/\/soytotalmentepalacio.com.mx\/belleza\/wp-content\/uploads\/2021\/10\/regalo2-585x585.jpg 585w, https:\/\/soytotalmentepalacio.com.mx\/belleza\/wp-content\/uploads\/2021\/10\/regalo2-900x900.jpg 900w, https:\/\/soytotalmentepalacio.com.mx\/belleza\/wp-content\/uploads\/2021\/10\/regalo2-1400x1400.jpg 1400w, https:\/\/soytotalmentepalacio.com.mx\/belleza\/wp-content\/uploads\/2021\/10\/regalo2.jpg 1500w\" sizes=\"(max-width: 1024px) 100vw, 1024px\" \/><br \/>\n\t\t\t\t\t\t\t\t\t\t\t\t\t\t\t<img width=\"1024\" height=\"1024\" src=\"https:\/\/soytotalmentepalacio.com.mx\/belleza\/wp-content\/uploads\/2021\/10\/toallas-1024x1024.jpg\" alt=\"Toallas azules faciales\" srcset=\"https:\/\/soytotalmentepalacio.com.mx\/belleza\/wp-content\/uploads\/2021\/10\/toallas-1024x1024.jpg 1024w, https:\/\/soytotalmentepalacio.com.mx\/belleza\/wp-content\/uploads\/2021\/10\/toallas-300x300.jpg 300w, https:\/\/soytotalmentepalacio.com.mx\/belleza\/wp-content\/uploads\/2021\/10\/toallas-100x100.jpg 100w, https:\/\/soytotalmentepalacio.com.mx\/belleza\/wp-content\/uploads\/2021\/10\/toallas-770x770.jpg 770w, https:\/\/soytotalmentepalacio.com.mx\/belleza\/wp-content\/uploads\/2021\/10\/toallas-500x500.jpg 500w, https:\/\/soytotalmentepalacio.com.mx\/belleza\/wp-content\/uploads\/2021\/10\/toallas-293x293.jpg 293w, https:\/\/soytotalmentepalacio.com.mx\/belleza\/wp-content\/uploads\/2021\/10\/toallas-390x390.jpg 390w, https:\/\/soytotalmentepalacio.com.mx\/belleza\/wp-content\/uploads\/2021\/10\/toallas-585x585.jpg 585w, https:\/\/soytotalmentepalacio.com.mx\/belleza\/wp-content\/uploads\/2021\/10\/toallas-900x900.jpg 900w, https:\/\/soytotalmentepalacio.com.mx\/belleza\/wp-content\/uploads\/2021\/10\/toallas-1400x1400.jpg 1400w, https:\/\/soytotalmentepalacio.com.mx\/belleza\/wp-content\/uploads\/2021\/10\/toallas.jpg 1500w\" sizes=\"(max-width: 1024px) 100vw, 1024px\" \/>\t\t\t\t\t\t\t\t\t\t\t\t\t\t\t<\/p>\n<p>En la compra de $3,900 pesos en el departamento de Perfumer\u00eda y Cosm\u00e9ticos recibe de regalo un kit que incluye dos toallas de mano y una gua sha (herramienta de masaje facial).\u00a0<\/p>\n<p>*Limitado a 11,000 kits.<\/p>\n<h1>Agenda<\/h1>\n<p>\t\t\u00a1Aparta la fecha! Estos son los eventos que debes tener en tu radar.<br \/>\n\t\t\t\t\t\t\t\t\t\t\t\t\t\t\t<img width=\"850\" height=\"481\" src=\"https:\/\/soytotalmentepalacio.com.mx\/belleza\/wp-content\/uploads\/2021\/05\/tarjetas_armado_Horizontal-2020-ENTREGA.jpg\" alt=\"\" srcset=\"https:\/\/soytotalmentepalacio.com.mx\/belleza\/wp-content\/uploads\/2021\/05\/tarjetas_armado_Horizontal-2020-ENTREGA.jpg 850w, https:\/\/soytotalmentepalacio.com.mx\/belleza\/wp-content\/uploads\/2021\/05\/tarjetas_armado_Horizontal-2020-ENTREGA-300x170.jpg 300w, https:\/\/soytotalmentepalacio.com.mx\/belleza\/wp-content\/uploads\/2021\/05\/tarjetas_armado_Horizontal-2020-ENTREGA-770x436.jpg 770w, https:\/\/soytotalmentepalacio.com.mx\/belleza\/wp-content\/uploads\/2021\/05\/tarjetas_armado_Horizontal-2020-ENTREGA-500x283.jpg 500w, https:\/\/soytotalmentepalacio.com.mx\/belleza\/wp-content\/uploads\/2021\/05\/tarjetas_armado_Horizontal-2020-ENTREGA-293x166.jpg 293w\" sizes=\"(max-width: 850px) 100vw, 850px\" \/>\t\t\t\t\t\t\t\t\t\t\t\t\t\t\t<\/p>\n<p><strong>Compra en el Festival de Belleza con tu Tarjeta Palacio y paga hasta febrero 2022.<\/strong><\/p>\n<p>Si a\u00fan no la tienes, \u00a1obtenla ahora! Y disfruta de beneficios y promociones exclusivas.<\/p>\n<p>\t\t\t<a href=\"https:\/\/bit.ly\/3DiSuHK\" target=\"_blank\" role=\"button\" rel=\"noopener\"><br \/>\n\t\t\t\t\t\tSOLIC\u00cdTALA<br \/>\n\t\t\t\t\t<\/a><\/p>\n<h2>Gu\u00eda de compras<\/h2>\n<p>\t\t\t<svg xmlns=\"http:\/\/www.w3.org\/2000\/svg\" width=\"18.457\" height=\"22.705\" viewBox=\"0 0 18.457 22.705\"><path id=\"Path_125\" data-name=\"Path 125\" d=\"M12.5-22.29a4.85,4.85,0,0,1,3.43,1.306,4.241,4.241,0,0,1,1.4,3.235v.854H19.9a1.212,1.212,0,0,1,.769.281.856.856,0,0,1,.354.7l.708,15.21a1.155,1.155,0,0,1-.305.769,1.025,1.025,0,0,1-.818.354H4.395A1.131,1.131,0,0,1,3.577.122a1.1,1.1,0,0,1-.305-.83l.708-15.21a.856.856,0,0,1,.354-.7,1.212,1.212,0,0,1,.769-.281H7.666v-.854a4.271,4.271,0,0,1,1.318-3.125,4.747,4.747,0,0,1,3.223-1.416Zm6.25,7.52H6.25L5.542-1.562H19.458ZM12.5-20.312a2.5,2.5,0,0,0-1.819.732A2.3,2.3,0,0,0,9.937-17.9v.854H15.21v-.708a2.384,2.384,0,0,0-.684-1.7,2.287,2.287,0,0,0-1.733-.72Z\" transform=\"translate(-3.271 22.29)\"><\/path><\/svg><br \/>\n\t\tSi ves este \u00edcono, da click y te llevaremos a <a href=\"https:\/\/www.elpalaciodehierro.com\/\" target=\"_blank\" rel=\"noopener\"><strong>elpalaciodehierro.com<\/strong><\/a> donde puedes ver m\u00e1s informaci\u00f3n.\u00a0<\/p>\n","protected":false},"excerpt":{"rendered":"<p>\u00a1Regalos para ti, regalos para todos! PERFUMES MUJER PERFUMES HOMBRE MAQUILLAJE TRATAMIENTOS ORIGEN Festival de Belleza: El regalo perfecto Llega la mejor \u00e9poca del a\u00f1o, aqu\u00ed vas a encontrar el regalo perfecto que tanto buscabas y otras cosas que se convertir\u00e1n en tu pr\u00f3ximo objeto de deseo. Desde maquillaje para que est\u00e9s radiante, hasta los perfumes que har\u00e1n tus recuerdos inolvidables. https:\/\/youtu.be\/s-LNiOfbn3I Encuentra el regalo perfecto aqu\u00ed 24 cosas que no sab\u00edas del nuevo perfume H24 de Herm\u00e8s As\u00ed es [&hellip;]<\/p>\n","protected":false},"author":1,"featured_media":0,"parent":0,"menu_order":2,"comment_status":"closed","ping_status":"closed","template":"elementor_header_footer","meta":[],"_links":{"self":[{"href":"https:\/\/soytotalmentepalacio.com.mx\/belleza\/index.php\/wp-json\/wp\/v2\/pages\/4885"}],"collection":[{"href":"https:\/\/soytotalmentepalacio.com.mx\/belleza\/index.php\/wp-json\/wp\/v2\/pages"}],"about":[{"href":"https:\/\/soytotalmentepalacio.com.mx\/belleza\/index.php\/wp-json\/wp\/v2\/types\/page"}],"author":[{"embeddable":true,"href":"https:\/\/soytotalmentepalacio.com.mx\/belleza\/index.php\/wp-json\/wp\/v2\/users\/1"}],"replies":[{"embeddable":true,"href":"https:\/\/soytotalmentepalacio.com.mx\/belleza\/index.php\/wp-json\/wp\/v2\/comments?post=4885"}],"version-history":[{"count":95,"href":"https:\/\/soytotalmentepalacio.com.mx\/belleza\/index.php\/wp-json\/wp\/v2\/pages\/4885\/revisions"}],"predecessor-version":[{"id":7359,"href":"https:\/\/soytotalmentepalacio.com.mx\/belleza\/index.php\/wp-json\/wp\/v2\/pages\/4885\/revisions\/7359"}],"wp:attachment":[{"href":"https:\/\/soytotalmentepalacio.com.mx\/belleza\/index.php\/wp-json\/wp\/v2\/media?parent=4885"}],"curies":[{"name":"wp","href":"https:\/\/api.w.org\/{rel}","templated":true}]}}