{"id":112,"date":"2021-05-08T03:38:09","date_gmt":"2021-05-08T03:38:09","guid":{"rendered":"http:\/\/belleza.soytotalmentepalacio.com.mx\/festival\/?page_id=112"},"modified":"2021-06-03T17:47:39","modified_gmt":"2021-06-03T17:47:39","slug":"home","status":"publish","type":"page","link":"https:\/\/soytotalmentepalacio.com.mx\/belleza\/index.php\/home\/","title":{"rendered":"Festival de Belleza Rituales"},"content":{"rendered":"<p><img width=\"1024\" height=\"1024\" src=\"https:\/\/soytotalmentepalacio.com.mx\/belleza\/wp-content\/uploads\/2021\/05\/FestivalLogo.svg\" alt=\"\" srcset=\"https:\/\/soytotalmentepalacio.com.mx\/belleza\/wp-content\/uploads\/\/2021\/05\/FestivalLogo.svg 100w, https:\/\/soytotalmentepalacio.com.mx\/belleza\/wp-content\/uploads\/\/2021\/05\/FestivalLogo.svg 300w, https:\/\/soytotalmentepalacio.com.mx\/belleza\/wp-content\/uploads\/\/2021\/05\/FestivalLogo.svg 1024w\" sizes=\"(max-width: 1024px) 100vw, 1024px\" \/><br \/>\n\t\t\t\t\t\t\t\t\t\t\t\t\t\t\t<img width=\"770\" height=\"1\" src=\"https:\/\/soytotalmentepalacio.com.mx\/belleza\/wp-content\/uploads\/2021\/05\/FestivalLogo.svg\" alt=\"\" \/><br \/>\n\t\t\t\t\t\t\t\t\t\t\t\t\t\t\t<img width=\"1200\" height=\"707\" src=\"https:\/\/soytotalmentepalacio.com.mx\/belleza\/wp-content\/uploads\/2021\/05\/09-023_retHome-1536x905.jpg\" alt=\"Rituales de belleza\" srcset=\"https:\/\/soytotalmentepalacio.com.mx\/belleza\/wp-content\/uploads\/2021\/05\/09-023_retHome-1536x905.jpg 1536w, https:\/\/soytotalmentepalacio.com.mx\/belleza\/wp-content\/uploads\/2021\/05\/09-023_retHome-300x177.jpg 300w, https:\/\/soytotalmentepalacio.com.mx\/belleza\/wp-content\/uploads\/2021\/05\/09-023_retHome-1024x603.jpg 1024w, https:\/\/soytotalmentepalacio.com.mx\/belleza\/wp-content\/uploads\/2021\/05\/09-023_retHome-770x454.jpg 770w, https:\/\/soytotalmentepalacio.com.mx\/belleza\/wp-content\/uploads\/2021\/05\/09-023_retHome-500x295.jpg 500w, https:\/\/soytotalmentepalacio.com.mx\/belleza\/wp-content\/uploads\/2021\/05\/09-023_retHome-293x173.jpg 293w, https:\/\/soytotalmentepalacio.com.mx\/belleza\/wp-content\/uploads\/2021\/05\/09-023_retHome-1400x825.jpg 1400w, https:\/\/soytotalmentepalacio.com.mx\/belleza\/wp-content\/uploads\/2021\/05\/09-023_retHome.jpg 2000w\" sizes=\"(max-width: 1200px) 100vw, 1200px\" \/>\t\t\t\t\t\t\t\t\t\t\t\t\t\t\t<\/p>\n<h2>DESCUBRE LO NUEVO PARA TUS RITUALES<\/h2>\n<p>\t\t\t\t\t<a href=\"\/belleza\/index.php\/category\/perfumes\/mujer\/\"><br \/>\n\t\t\t\t\t\t<b>PERFUMES MUJER<\/b><br \/>\n\t\t\t\t\t\tCONOCE M\u00c1S<br \/>\n\t\t\t\t\t\t<\/a><br \/>\n\t\t\t\t\t<a href=\"\/belleza\/index.php\/category\/perfumes\/hombre\/\"><br \/>\n\t\t\t\t\t\t<b>PERFUMES HOMBRE<\/b><br \/>\n\t\t\t\t\t\tDESCUBRE M\u00c1S<br \/>\n\t\t\t\t\t\t<\/a><br \/>\n\t\t\t\t\t<a href=\"\/belleza\/index.php\/category\/maquillaje\/\"><br \/>\n\t\t\t\t\t\t<b>MAQUILLAJE<\/b><br \/>\n\t\t\t\t\t\tLEE M\u00c1S<br \/>\n\t\t\t\t\t\t<\/a><br \/>\n\t\t\t\t\t<a href=\"\/belleza\/index.php\/category\/cuidado-piel\/\"><br \/>\n\t\t\t\t\t\t<b>CUIDADO DE LA PIEL<\/b><br \/>\n\t\t\t\t\t\tEXPLORA M\u00c1S<br \/>\n\t\t\t\t\t\t<\/a><br \/>\n\t\t\t\t\t<a href=\"\/belleza\/index.php\/category\/origen\/\"><br \/>\n\t\t\t\t\t\t<b>ORIGEN<\/b><br \/>\n\t\t\t\t\t\tVE M\u00c1S<br \/>\n\t\t\t\t\t\t<\/a><br \/>\n\t\t<iframe class=\"zeen-lazy-load-base zeen-lazy-load\" title=\"Festival de Belleza: Rituales | El Palacio de Hierro\" width=\"1200\" height=\"675\" src=\"about:blank\" data-lazy-src=\"https:\/\/www.youtube.com\/embed\/D53BhiX-n1E?feature=oembed\" frameborder=\"0\" allow=\"accelerometer; autoplay; clipboard-write; encrypted-media; gyroscope; picture-in-picture\" allowfullscreen><\/iframe><noscript><iframe title=\"Festival de Belleza: Rituales | El Palacio de Hierro\" width=\"1200\" height=\"675\" src=\"https:\/\/www.youtube.com\/embed\/D53BhiX-n1E?feature=oembed\" frameborder=\"0\" allow=\"accelerometer; autoplay; clipboard-write; encrypted-media; gyroscope; picture-in-picture\" allowfullscreen><\/iframe><\/noscript>\t\t<\/p>\n<h1>Festival de Belleza: Rituales<\/h1>\n<p style=\"text-align: center;\">Descon\u00e9ctate para conectar\u00a0contigo a trav\u00e9s de la magia de los rituales. Encuentra el perfume ideal dependiendo\u00a0de la esencia que quieras proyectar. Resalta todo aquello que ya era bello con\u00a0maquillaje. Dale a\u00a0tu piel lo que necesita. Descubre las marcas, t\u00e9rminos,\u00a0ingredientes y productos que cuiden la salud y al medio ambiente.<\/p>\n<h2>PORQUE MIS RITUALES ME AYUDAN A SENTIRME BIEN<\/h2>\n<p>\t\t\t\t\t\t\t\t\t\t\t\t\t\t\t<img width=\"800\" height=\"800\" src=\"https:\/\/soytotalmentepalacio.com.mx\/belleza\/wp-content\/uploads\/2021\/05\/pb3.jpg\" alt=\"Regalo kit - Festival de Belleza Rituales\" srcset=\"https:\/\/soytotalmentepalacio.com.mx\/belleza\/wp-content\/uploads\/2021\/05\/pb3.jpg 800w, https:\/\/soytotalmentepalacio.com.mx\/belleza\/wp-content\/uploads\/2021\/05\/pb3-300x300.jpg 300w, https:\/\/soytotalmentepalacio.com.mx\/belleza\/wp-content\/uploads\/2021\/05\/pb3-100x100.jpg 100w, https:\/\/soytotalmentepalacio.com.mx\/belleza\/wp-content\/uploads\/2021\/05\/pb3-770x770.jpg 770w, https:\/\/soytotalmentepalacio.com.mx\/belleza\/wp-content\/uploads\/2021\/05\/pb3-500x500.jpg 500w, https:\/\/soytotalmentepalacio.com.mx\/belleza\/wp-content\/uploads\/2021\/05\/pb3-293x293.jpg 293w, https:\/\/soytotalmentepalacio.com.mx\/belleza\/wp-content\/uploads\/2021\/05\/pb3-390x390.jpg 390w, https:\/\/soytotalmentepalacio.com.mx\/belleza\/wp-content\/uploads\/2021\/05\/pb3-585x585.jpg 585w\" sizes=\"(max-width: 800px) 100vw, 800px\" \/><br \/>\n\t\t\t\t\t\t\t\t\t\t\t\t\t\t\t<img width=\"800\" height=\"800\" src=\"https:\/\/soytotalmentepalacio.com.mx\/belleza\/wp-content\/uploads\/2021\/05\/pb2.jpg\" alt=\"Regalo toalla - Festival de Belleza Rituales\" srcset=\"https:\/\/soytotalmentepalacio.com.mx\/belleza\/wp-content\/uploads\/2021\/05\/pb2.jpg 800w, https:\/\/soytotalmentepalacio.com.mx\/belleza\/wp-content\/uploads\/2021\/05\/pb2-300x300.jpg 300w, https:\/\/soytotalmentepalacio.com.mx\/belleza\/wp-content\/uploads\/2021\/05\/pb2-100x100.jpg 100w, https:\/\/soytotalmentepalacio.com.mx\/belleza\/wp-content\/uploads\/2021\/05\/pb2-770x770.jpg 770w, https:\/\/soytotalmentepalacio.com.mx\/belleza\/wp-content\/uploads\/2021\/05\/pb2-500x500.jpg 500w, https:\/\/soytotalmentepalacio.com.mx\/belleza\/wp-content\/uploads\/2021\/05\/pb2-293x293.jpg 293w, https:\/\/soytotalmentepalacio.com.mx\/belleza\/wp-content\/uploads\/2021\/05\/pb2-390x390.jpg 390w, https:\/\/soytotalmentepalacio.com.mx\/belleza\/wp-content\/uploads\/2021\/05\/pb2-585x585.jpg 585w\" sizes=\"(max-width: 800px) 100vw, 800px\" \/>\t\t\t\t\t\t\t\t\t\t\t\t\t\t\t<\/p>\n<h1>El Palacio te regala<\/h1>\n<p>En la compra de $3,900 pesos en perfumer\u00eda y cosm\u00e9ticos recibe uno de estos dos regalos: elige entre una toalla o un kit de ritual de tratamiento (incluye una toalla facial, una banda para la cabeza y un <em>roller<\/em> facial). Adem\u00e1s, s\u00f3lo con tu Tarjeta Palacio paga en septiembre 2021. Limitado a 6,500 toallas y 9,000 kits de ritual.<\/p>\n<p>\t\t\t\t\t<a href=\"\/belleza\/index.php\/premios\/\" target=\"_blank\" rel=\"noopener\"><br \/>\n\t\t\t\t\t\t<img width=\"97\" height=\"100\" src=\"https:\/\/soytotalmentepalacio.com.mx\/belleza\/wp-content\/uploads\/2021\/05\/BeautyAwards3.png\" alt=\"\" \/>\t\t\t\t\t<\/p>\n<h2>\n\t\t\t\t\t\tEl Palacio Beauty Awards\t\t\t\t\t<\/h2>\n<p>\t\t\t\t\t\tS\u00e9 parte de los premios El Palacio Beauty Awards y vota por tu producto de belleza favorito<br \/>\n\t\t\t\t\t\tVOTA AQU\u00cd<br \/>\n\t\t\t\t\t\t<\/a><\/p>\n<h1>Agenda<\/h1>\n<p>\t\t\u00a1Aparta la fecha! Estos son los eventos que debes tener en tu radar.<br \/>\n\t\t\t\t\t\t\t\t\t\t\t\t\t\t\t<img width=\"850\" height=\"481\" src=\"https:\/\/soytotalmentepalacio.com.mx\/belleza\/wp-content\/uploads\/2021\/05\/tarjetas_armado_Horizontal-2020-ENTREGA.jpg\" alt=\"\" srcset=\"https:\/\/soytotalmentepalacio.com.mx\/belleza\/wp-content\/uploads\/2021\/05\/tarjetas_armado_Horizontal-2020-ENTREGA.jpg 850w, https:\/\/soytotalmentepalacio.com.mx\/belleza\/wp-content\/uploads\/2021\/05\/tarjetas_armado_Horizontal-2020-ENTREGA-300x170.jpg 300w, https:\/\/soytotalmentepalacio.com.mx\/belleza\/wp-content\/uploads\/2021\/05\/tarjetas_armado_Horizontal-2020-ENTREGA-770x436.jpg 770w, https:\/\/soytotalmentepalacio.com.mx\/belleza\/wp-content\/uploads\/2021\/05\/tarjetas_armado_Horizontal-2020-ENTREGA-500x283.jpg 500w, https:\/\/soytotalmentepalacio.com.mx\/belleza\/wp-content\/uploads\/2021\/05\/tarjetas_armado_Horizontal-2020-ENTREGA-293x166.jpg 293w\" sizes=\"(max-width: 850px) 100vw, 850px\" \/>\t\t\t\t\t\t\t\t\t\t\t\t\t\t\t<\/p>\n<p><strong>Compra en el Festival de Belleza con tu Tarjeta Palacio y paga hasta septiembre 2021.<\/strong><\/p>\n<p>Si a\u00fan no la tienes, obt\u00e9nla para disfrutar grandes beneficios y promociones.<\/p>\n<p>\t\t\t<a href=\"https:\/\/palaciodehierro-tarjetas.com\/p\/tarjeta-ecom\" target=\"_blank\" role=\"button\" rel=\"noopener\"><br \/>\n\t\t\t\t\t\tSOLIC\u00cdTALA<br \/>\n\t\t\t\t\t<\/a><\/p>\n<h2>Gu\u00eda de compras<\/h2>\n<p>\t\t\t<svg xmlns=\"http:\/\/www.w3.org\/2000\/svg\" width=\"18.457\" height=\"22.705\" viewBox=\"0 0 18.457 22.705\"><path id=\"Path_125\" data-name=\"Path 125\" d=\"M12.5-22.29a4.85,4.85,0,0,1,3.43,1.306,4.241,4.241,0,0,1,1.4,3.235v.854H19.9a1.212,1.212,0,0,1,.769.281.856.856,0,0,1,.354.7l.708,15.21a1.155,1.155,0,0,1-.305.769,1.025,1.025,0,0,1-.818.354H4.395A1.131,1.131,0,0,1,3.577.122a1.1,1.1,0,0,1-.305-.83l.708-15.21a.856.856,0,0,1,.354-.7,1.212,1.212,0,0,1,.769-.281H7.666v-.854a4.271,4.271,0,0,1,1.318-3.125,4.747,4.747,0,0,1,3.223-1.416Zm6.25,7.52H6.25L5.542-1.562H19.458ZM12.5-20.312a2.5,2.5,0,0,0-1.819.732A2.3,2.3,0,0,0,9.937-17.9v.854H15.21v-.708a2.384,2.384,0,0,0-.684-1.7,2.287,2.287,0,0,0-1.733-.72Z\" transform=\"translate(-3.271 22.29)\"><\/path><\/svg><br \/>\n\t\tSi ves este \u00edcono, da click y te llevaremos a <a href=\"https:\/\/www.elpalaciodehierro.com\/\" target=\"_blank\" rel=\"noopener\"><strong>elpalaciodehierro.com<\/strong><\/a> donde puedes ver m\u00e1s informaci\u00f3n.\u00a0<\/p>\n","protected":false},"excerpt":{"rendered":"<p>DESCUBRE LO NUEVO PARA TUS RITUALES PERFUMES MUJER CONOCE M\u00c1S PERFUMES HOMBRE DESCUBRE M\u00c1S MAQUILLAJE LEE M\u00c1S CUIDADO DE LA PIEL EXPLORA M\u00c1S ORIGEN VE M\u00c1S Festival de Belleza: Rituales Descon\u00e9ctate para conectar\u00a0contigo a trav\u00e9s de la magia de los rituales. Encuentra el perfume ideal dependiendo\u00a0de la esencia que quieras proyectar. Resalta todo aquello que ya era bello con\u00a0maquillaje. Dale a\u00a0tu piel lo que necesita. Descubre las marcas, t\u00e9rminos,\u00a0ingredientes y productos que cuiden la salud y al medio ambiente. PORQUE [&hellip;]<\/p>\n","protected":false},"author":1,"featured_media":0,"parent":0,"menu_order":2,"comment_status":"closed","ping_status":"closed","template":"elementor_header_footer","meta":[],"_links":{"self":[{"href":"https:\/\/soytotalmentepalacio.com.mx\/belleza\/index.php\/wp-json\/wp\/v2\/pages\/112"}],"collection":[{"href":"https:\/\/soytotalmentepalacio.com.mx\/belleza\/index.php\/wp-json\/wp\/v2\/pages"}],"about":[{"href":"https:\/\/soytotalmentepalacio.com.mx\/belleza\/index.php\/wp-json\/wp\/v2\/types\/page"}],"author":[{"embeddable":true,"href":"https:\/\/soytotalmentepalacio.com.mx\/belleza\/index.php\/wp-json\/wp\/v2\/users\/1"}],"replies":[{"embeddable":true,"href":"https:\/\/soytotalmentepalacio.com.mx\/belleza\/index.php\/wp-json\/wp\/v2\/comments?post=112"}],"version-history":[{"count":485,"href":"https:\/\/soytotalmentepalacio.com.mx\/belleza\/index.php\/wp-json\/wp\/v2\/pages\/112\/revisions"}],"predecessor-version":[{"id":3300,"href":"https:\/\/soytotalmentepalacio.com.mx\/belleza\/index.php\/wp-json\/wp\/v2\/pages\/112\/revisions\/3300"}],"wp:attachment":[{"href":"https:\/\/soytotalmentepalacio.com.mx\/belleza\/index.php\/wp-json\/wp\/v2\/media?parent=112"}],"curies":[{"name":"wp","href":"https:\/\/api.w.org\/{rel}","templated":true}]}}